{"id":1266,"date":"2020-01-02T10:53:18","date_gmt":"2020-01-02T10:53:18","guid":{"rendered":"http:\/\/sdsqcreations.fr\/?page_id=1266"},"modified":"2025-02-23T19:06:50","modified_gmt":"2025-02-23T19:06:50","slug":"mentions-legales","status":"publish","type":"page","link":"https:\/\/sdsqcreations.fr\/index.php\/mentions-legales\/","title":{"rendered":"Mentions l\u00e9gales"},"content":{"rendered":"\t\t<div data-elementor-type=\"wp-page\" data-elementor-id=\"1266\" class=\"elementor elementor-1266\">\n\t\t\t\t<div class=\"elementor-element elementor-element-56f6ba4 e-flex e-con-boxed e-con e-parent\" data-id=\"56f6ba4\" data-element_type=\"container\" data-e-type=\"container\">\n\t\t\t\t\t<div class=\"e-con-inner\">\n\t\t<div class=\"elementor-element elementor-element-4824661 e-con-full e-flex e-con e-child\" data-id=\"4824661\" data-element_type=\"container\" data-e-type=\"container\">\n\t\t\t\t<div class=\"elementor-element elementor-element-08f0328 elementor-widget__width-inherit elementor-widget elementor-widget-image\" data-id=\"08f0328\" data-element_type=\"widget\" data-e-type=\"widget\" data-widget_type=\"image.default\">\n\t\t\t\t<div class=\"elementor-widget-container\">\n\t\t\t\t\t\t\t\t\t\t\t\t\t\t\t<img fetchpriority=\"high\" decoding=\"async\" width=\"1024\" height=\"377\" src=\"https:\/\/sdsqcreations.fr\/wp-content\/uploads\/2021\/03\/carte-de-visite-1024x377.png\" class=\"attachment-large size-large wp-image-2391\" alt=\"\" srcset=\"https:\/\/sdsqcreations.fr\/wp-content\/uploads\/2021\/03\/carte-de-visite-1024x377.png 1024w, https:\/\/sdsqcreations.fr\/wp-content\/uploads\/2021\/03\/carte-de-visite-300x111.png 300w, https:\/\/sdsqcreations.fr\/wp-content\/uploads\/2021\/03\/carte-de-visite-768x283.png 768w, https:\/\/sdsqcreations.fr\/wp-content\/uploads\/2021\/03\/carte-de-visite-900x332.png 900w, https:\/\/sdsqcreations.fr\/wp-content\/uploads\/2021\/03\/carte-de-visite-600x221.png 600w, https:\/\/sdsqcreations.fr\/wp-content\/uploads\/2021\/03\/carte-de-visite-30x11.png 30w, https:\/\/sdsqcreations.fr\/wp-content\/uploads\/2021\/03\/carte-de-visite.png 1137w\" sizes=\"(max-width: 1024px) 100vw, 1024px\" \/>\t\t\t\t\t\t\t\t\t\t\t\t\t\t\t<\/div>\n\t\t\t\t<\/div>\n\t\t\t\t<\/div>\n\t\t\t\t<div class=\"elementor-element elementor-element-351b26a elementor-widget elementor-widget-heading\" data-id=\"351b26a\" data-element_type=\"widget\" data-e-type=\"widget\" data-widget_type=\"heading.default\">\n\t\t\t\t<div class=\"elementor-widget-container\">\n\t\t\t\t\t<h2 class=\"elementor-heading-title elementor-size-default\">Mentions l\u00e9gales<\/h2>\t\t\t\t<\/div>\n\t\t\t\t<\/div>\n\t\t\t\t\t<\/div>\n\t\t\t\t<\/div>\n\t\t<div class=\"elementor-element elementor-element-bfcb021 e-flex e-con-boxed e-con e-parent\" data-id=\"bfcb021\" data-element_type=\"container\" data-e-type=\"container\">\n\t\t\t\t\t<div class=\"e-con-inner\">\n\t\t\t\t<div class=\"elementor-element elementor-element-b236ac6 elementor-widget elementor-widget-text-editor\" data-id=\"b236ac6\" data-element_type=\"widget\" data-e-type=\"widget\" data-widget_type=\"text-editor.default\">\n\t\t\t\t<div class=\"elementor-widget-container\">\n\t\t\t\t\t\t\t\t\t<p data-start=\"156\" data-end=\"431\"><strong data-start=\"156\" data-end=\"175\">\u00c9diteur du site<\/strong><br data-start=\"175\" data-end=\"178\" \/>Le site sdsqcreations est \u00e9dit\u00e9 par <strong data-start=\"218\" data-end=\"235\">Sarah de Saint Quentin<\/strong>, entreprise individuelle sous le statut d\u2019auto-entrepreneur, immatricul\u00e9e sous le num\u00e9ro <strong data-start=\"325\" data-end=\"352\">SIRET 8025 848 390 0020<\/strong>, dont le si\u00e8ge social est situ\u00e9 au <strong data-start=\"388\" data-end=\"428\">6B Route du Moulin de Tiquetorte 33480 Avensan<\/strong>.<\/p><p data-start=\"433\" data-end=\"569\">Directeur de la publication : <strong data-start=\"463\" data-end=\"511\">Sarah de Saint Quentin<\/strong><br data-start=\"511\" data-end=\"514\" \/>Contact : sdsqcreations@gmail.com &#8211; +33 6 61 89 66 71<\/p><p data-start=\"571\" data-end=\"794\"><strong data-start=\"571\" data-end=\"586\">H\u00e9bergement<\/strong><br data-start=\"586\" data-end=\"589\" \/>Le site est h\u00e9berg\u00e9 par <strong data-start=\"613\" data-end=\"620\">OVH<\/strong>, dont le si\u00e8ge social est situ\u00e9 au <strong data-start=\"656\" data-end=\"701\">2 rue Kellermann &#8211; 59100 Roubaix &#8211; France<\/strong>.<br data-start=\"702\" data-end=\"705\" \/>RCS Roubaix \u2013 Tourcoing 424 761 419 00045 &#8211; Code APE 6202A<br data-start=\"763\" data-end=\"766\" \/>N\u00b0 TVA : FR 22 424 761 419<\/p><p data-start=\"796\" data-end=\"1213\"><strong data-start=\"796\" data-end=\"824\">Propri\u00e9t\u00e9 intellectuelle<\/strong><br data-start=\"824\" data-end=\"827\" \/>L\u2019ensemble des contenus pr\u00e9sents sur ce site (textes, images, photographies) sont la propri\u00e9t\u00e9 exclusive de <strong data-start=\"935\" data-end=\"952\">SDSQ Cr\u00e9ations<\/strong>\u00a0ou de photographes ayant accord\u00e9 une autorisation d\u2019utilisation. Toute r\u00e9utilisation, reproduction ou diffusion, m\u00eame partielle, est interdite sans autorisation pr\u00e9alable. L\u2019utilisation des photos est possible uniquement en cr\u00e9ditant le photographe concern\u00e9.<\/p><p data-start=\"1215\" data-end=\"1466\"><strong data-start=\"1215\" data-end=\"1239\">Donn\u00e9es personnelles<\/strong><br data-start=\"1239\" data-end=\"1242\" \/>Aucune donn\u00e9e personnelle n\u2019est stock\u00e9e via le formulaire de contact. Les informations transmises par les utilisateurs sont utilis\u00e9es uniquement pour r\u00e9pondre aux demandes et ne sont pas conserv\u00e9es \u00e0 des fins commerciales.<\/p><p data-start=\"1468\" data-end=\"1565\"><strong data-start=\"1468\" data-end=\"1479\">Cookies<\/strong><br data-start=\"1479\" data-end=\"1482\" \/>Ce site n\u2019utilise pas de cookies de suivi ou de stockage de donn\u00e9es personnelles.<\/p><p data-start=\"1567\" data-end=\"1707\"><strong data-start=\"1567\" data-end=\"1578\">Contact<\/strong><br data-start=\"1578\" data-end=\"1581\" \/>Pour toute question ou r\u00e9clamation, vous pouvez contacter <strong data-start=\"1639\" data-end=\"1656\">SDSQ Cr\u00e9ations<\/strong> \u00e0 l\u2019adresse suivante : <strong data-start=\"1680\" data-end=\"1704\">sdsqcreations@gmail.com<\/strong><\/p>\t\t\t\t\t\t\t\t<\/div>\n\t\t\t\t<\/div>\n\t\t\t\t\t<\/div>\n\t\t\t\t<\/div>\n\t\t\t\t<\/div>\n\t\t","protected":false},"excerpt":{"rendered":"<p>Mentions l\u00e9gales \u00c9diteur du siteLe site sdsqcreations est \u00e9dit\u00e9 par Sarah de Saint Quentin, entreprise individuelle sous le statut d\u2019auto-entrepreneur, immatricul\u00e9e sous le num\u00e9ro SIRET 8025 848 390 0020, dont le si\u00e8ge social est situ\u00e9 au 6B Route du Moulin de Tiquetorte 33480 Avensan. Directeur de la publication : Sarah de Saint QuentinContact : sdsqcreations@gmail.com [&hellip;]<\/p>\n","protected":false},"author":1,"featured_media":0,"parent":0,"menu_order":0,"comment_status":"closed","ping_status":"closed","template":"","meta":{"ocean_post_layout":"","ocean_both_sidebars_style":"","ocean_both_sidebars_content_width":0,"ocean_both_sidebars_sidebars_width":0,"ocean_sidebar":"","ocean_second_sidebar":"","ocean_disable_margins":"enable","ocean_add_body_class":"","ocean_shortcode_before_top_bar":"","ocean_shortcode_after_top_bar":"","ocean_shortcode_before_header":"","ocean_shortcode_after_header":"","ocean_has_shortcode":"","ocean_shortcode_after_title":"","ocean_shortcode_before_footer_widgets":"","ocean_shortcode_after_footer_widgets":"","ocean_shortcode_before_footer_bottom":"","ocean_shortcode_after_footer_bottom":"","ocean_display_top_bar":"default","ocean_display_header":"default","ocean_header_style":"","ocean_center_header_left_menu":"","ocean_custom_header_template":"","ocean_custom_logo":0,"ocean_custom_retina_logo":0,"ocean_custom_logo_max_width":0,"ocean_custom_logo_tablet_max_width":0,"ocean_custom_logo_mobile_max_width":0,"ocean_custom_logo_max_height":0,"ocean_custom_logo_tablet_max_height":0,"ocean_custom_logo_mobile_max_height":0,"ocean_header_custom_menu":"","ocean_menu_typo_font_family":"","ocean_menu_typo_font_subset":"","ocean_menu_typo_font_size":0,"ocean_menu_typo_font_size_tablet":0,"ocean_menu_typo_font_size_mobile":0,"ocean_menu_typo_font_size_unit":"px","ocean_menu_typo_font_weight":"","ocean_menu_typo_font_weight_tablet":"","ocean_menu_typo_font_weight_mobile":"","ocean_menu_typo_transform":"","ocean_menu_typo_transform_tablet":"","ocean_menu_typo_transform_mobile":"","ocean_menu_typo_line_height":0,"ocean_menu_typo_line_height_tablet":0,"ocean_menu_typo_line_height_mobile":0,"ocean_menu_typo_line_height_unit":"","ocean_menu_typo_spacing":0,"ocean_menu_typo_spacing_tablet":0,"ocean_menu_typo_spacing_mobile":0,"ocean_menu_typo_spacing_unit":"","ocean_menu_link_color":"","ocean_menu_link_color_hover":"","ocean_menu_link_color_active":"","ocean_menu_link_background":"","ocean_menu_link_hover_background":"","ocean_menu_link_active_background":"","ocean_menu_social_links_bg":"","ocean_menu_social_hover_links_bg":"","ocean_menu_social_links_color":"","ocean_menu_social_hover_links_color":"","ocean_disable_title":"default","ocean_disable_heading":"default","ocean_post_title":"","ocean_post_subheading":"","ocean_post_title_style":"","ocean_post_title_background_color":"","ocean_post_title_background":0,"ocean_post_title_bg_image_position":"","ocean_post_title_bg_image_attachment":"","ocean_post_title_bg_image_repeat":"","ocean_post_title_bg_image_size":"","ocean_post_title_height":0,"ocean_post_title_bg_overlay":0.5,"ocean_post_title_bg_overlay_color":"","ocean_disable_breadcrumbs":"default","ocean_breadcrumbs_color":"","ocean_breadcrumbs_separator_color":"","ocean_breadcrumbs_links_color":"","ocean_breadcrumbs_links_hover_color":"","ocean_display_footer_widgets":"default","ocean_display_footer_bottom":"default","ocean_custom_footer_template":"","footnotes":""},"class_list":["post-1266","page","type-page","status-publish","hentry","entry"],"yoast_head":"<!-- This site is optimized with the Yoast SEO plugin v26.8 - https:\/\/yoast.com\/product\/yoast-seo-wordpress\/ -->\n<title>Mentions l\u00e9gales - SDSQ Cr\u00e9ations<\/title>\n<meta name=\"description\" content=\"Sarah h\u00e9berge son site chez OVH. Elle n&#039;utilise pas vos donn\u00e9es personnelles et n&#039;autorise pas la r\u00e9utilisation des photos sauf avec accord.\" \/>\n<meta name=\"robots\" content=\"noindex, follow, max-snippet:-1, max-image-preview:large, max-video-preview:-1\" \/>\n<meta property=\"og:locale\" content=\"fr_FR\" \/>\n<meta property=\"og:type\" content=\"article\" \/>\n<meta property=\"og:title\" content=\"Mentions l\u00e9gales - SDSQ Cr\u00e9ations\" \/>\n<meta property=\"og:description\" content=\"Sarah h\u00e9berge son site chez OVH. Elle n&#039;utilise pas vos donn\u00e9es personnelles et n&#039;autorise pas la r\u00e9utilisation des photos sauf avec accord.\" \/>\n<meta property=\"og:url\" content=\"https:\/\/sdsqcreations.fr\/index.php\/mentions-legales\/\" \/>\n<meta property=\"og:site_name\" content=\"SDSQ Cr\u00e9ations\" \/>\n<meta property=\"article:modified_time\" content=\"2025-02-23T19:06:50+00:00\" \/>\n<meta property=\"og:image\" content=\"https:\/\/sdsqcreations.fr\/wp-content\/uploads\/2021\/03\/carte-de-visite.png\" \/>\n\t<meta property=\"og:image:width\" content=\"1137\" \/>\n\t<meta property=\"og:image:height\" content=\"419\" \/>\n\t<meta property=\"og:image:type\" content=\"image\/png\" \/>\n<meta name=\"twitter:card\" content=\"summary_large_image\" \/>\n<meta name=\"twitter:label1\" content=\"Dur\u00e9e de lecture estim\u00e9e\" \/>\n\t<meta name=\"twitter:data1\" content=\"2 minutes\" \/>\n<script type=\"application\/ld+json\" class=\"yoast-schema-graph\">{\"@context\":\"https:\/\/schema.org\",\"@graph\":[{\"@type\":\"WebPage\",\"@id\":\"https:\/\/sdsqcreations.fr\/index.php\/mentions-legales\/\",\"url\":\"https:\/\/sdsqcreations.fr\/index.php\/mentions-legales\/\",\"name\":\"Mentions l\u00e9gales - SDSQ Cr\u00e9ations\",\"isPartOf\":{\"@id\":\"https:\/\/sdsqcreations.fr\/#website\"},\"primaryImageOfPage\":{\"@id\":\"https:\/\/sdsqcreations.fr\/index.php\/mentions-legales\/#primaryimage\"},\"image\":{\"@id\":\"https:\/\/sdsqcreations.fr\/index.php\/mentions-legales\/#primaryimage\"},\"thumbnailUrl\":\"https:\/\/sdsqcreations.fr\/wp-content\/uploads\/2021\/03\/carte-de-visite-1024x377.png\",\"datePublished\":\"2020-01-02T10:53:18+00:00\",\"dateModified\":\"2025-02-23T19:06:50+00:00\",\"description\":\"Sarah h\u00e9berge son site chez OVH. Elle n'utilise pas vos donn\u00e9es personnelles et n'autorise pas la r\u00e9utilisation des photos sauf avec accord.\",\"breadcrumb\":{\"@id\":\"https:\/\/sdsqcreations.fr\/index.php\/mentions-legales\/#breadcrumb\"},\"inLanguage\":\"fr-FR\",\"potentialAction\":[{\"@type\":\"ReadAction\",\"target\":[\"https:\/\/sdsqcreations.fr\/index.php\/mentions-legales\/\"]}]},{\"@type\":\"ImageObject\",\"inLanguage\":\"fr-FR\",\"@id\":\"https:\/\/sdsqcreations.fr\/index.php\/mentions-legales\/#primaryimage\",\"url\":\"https:\/\/sdsqcreations.fr\/wp-content\/uploads\/2021\/03\/carte-de-visite.png\",\"contentUrl\":\"https:\/\/sdsqcreations.fr\/wp-content\/uploads\/2021\/03\/carte-de-visite.png\",\"width\":1137,\"height\":419},{\"@type\":\"BreadcrumbList\",\"@id\":\"https:\/\/sdsqcreations.fr\/index.php\/mentions-legales\/#breadcrumb\",\"itemListElement\":[{\"@type\":\"ListItem\",\"position\":1,\"name\":\"Accueil\",\"item\":\"https:\/\/sdsqcreations.fr\/\"},{\"@type\":\"ListItem\",\"position\":2,\"name\":\"Mentions l\u00e9gales\"}]},{\"@type\":\"WebSite\",\"@id\":\"https:\/\/sdsqcreations.fr\/#website\",\"url\":\"https:\/\/sdsqcreations.fr\/\",\"name\":\"SDSQ Cr\u00e9ations\",\"description\":\"Artisan Fleuriste en Freelance sur Bordeaux\",\"potentialAction\":[{\"@type\":\"SearchAction\",\"target\":{\"@type\":\"EntryPoint\",\"urlTemplate\":\"https:\/\/sdsqcreations.fr\/?s={search_term_string}\"},\"query-input\":{\"@type\":\"PropertyValueSpecification\",\"valueRequired\":true,\"valueName\":\"search_term_string\"}}],\"inLanguage\":\"fr-FR\"}]}<\/script>\n<!-- \/ Yoast SEO plugin. -->","yoast_head_json":{"title":"Mentions l\u00e9gales - SDSQ Cr\u00e9ations","description":"Sarah h\u00e9berge son site chez OVH. Elle n'utilise pas vos donn\u00e9es personnelles et n'autorise pas la r\u00e9utilisation des photos sauf avec accord.","robots":{"index":"noindex","follow":"follow","max-snippet":"max-snippet:-1","max-image-preview":"max-image-preview:large","max-video-preview":"max-video-preview:-1"},"og_locale":"fr_FR","og_type":"article","og_title":"Mentions l\u00e9gales - SDSQ Cr\u00e9ations","og_description":"Sarah h\u00e9berge son site chez OVH. Elle n'utilise pas vos donn\u00e9es personnelles et n'autorise pas la r\u00e9utilisation des photos sauf avec accord.","og_url":"https:\/\/sdsqcreations.fr\/index.php\/mentions-legales\/","og_site_name":"SDSQ Cr\u00e9ations","article_modified_time":"2025-02-23T19:06:50+00:00","og_image":[{"width":1137,"height":419,"url":"https:\/\/sdsqcreations.fr\/wp-content\/uploads\/2021\/03\/carte-de-visite.png","type":"image\/png"}],"twitter_card":"summary_large_image","twitter_misc":{"Dur\u00e9e de lecture estim\u00e9e":"2 minutes"},"schema":{"@context":"https:\/\/schema.org","@graph":[{"@type":"WebPage","@id":"https:\/\/sdsqcreations.fr\/index.php\/mentions-legales\/","url":"https:\/\/sdsqcreations.fr\/index.php\/mentions-legales\/","name":"Mentions l\u00e9gales - SDSQ Cr\u00e9ations","isPartOf":{"@id":"https:\/\/sdsqcreations.fr\/#website"},"primaryImageOfPage":{"@id":"https:\/\/sdsqcreations.fr\/index.php\/mentions-legales\/#primaryimage"},"image":{"@id":"https:\/\/sdsqcreations.fr\/index.php\/mentions-legales\/#primaryimage"},"thumbnailUrl":"https:\/\/sdsqcreations.fr\/wp-content\/uploads\/2021\/03\/carte-de-visite-1024x377.png","datePublished":"2020-01-02T10:53:18+00:00","dateModified":"2025-02-23T19:06:50+00:00","description":"Sarah h\u00e9berge son site chez OVH. Elle n'utilise pas vos donn\u00e9es personnelles et n'autorise pas la r\u00e9utilisation des photos sauf avec accord.","breadcrumb":{"@id":"https:\/\/sdsqcreations.fr\/index.php\/mentions-legales\/#breadcrumb"},"inLanguage":"fr-FR","potentialAction":[{"@type":"ReadAction","target":["https:\/\/sdsqcreations.fr\/index.php\/mentions-legales\/"]}]},{"@type":"ImageObject","inLanguage":"fr-FR","@id":"https:\/\/sdsqcreations.fr\/index.php\/mentions-legales\/#primaryimage","url":"https:\/\/sdsqcreations.fr\/wp-content\/uploads\/2021\/03\/carte-de-visite.png","contentUrl":"https:\/\/sdsqcreations.fr\/wp-content\/uploads\/2021\/03\/carte-de-visite.png","width":1137,"height":419},{"@type":"BreadcrumbList","@id":"https:\/\/sdsqcreations.fr\/index.php\/mentions-legales\/#breadcrumb","itemListElement":[{"@type":"ListItem","position":1,"name":"Accueil","item":"https:\/\/sdsqcreations.fr\/"},{"@type":"ListItem","position":2,"name":"Mentions l\u00e9gales"}]},{"@type":"WebSite","@id":"https:\/\/sdsqcreations.fr\/#website","url":"https:\/\/sdsqcreations.fr\/","name":"SDSQ Cr\u00e9ations","description":"Artisan Fleuriste en Freelance sur Bordeaux","potentialAction":[{"@type":"SearchAction","target":{"@type":"EntryPoint","urlTemplate":"https:\/\/sdsqcreations.fr\/?s={search_term_string}"},"query-input":{"@type":"PropertyValueSpecification","valueRequired":true,"valueName":"search_term_string"}}],"inLanguage":"fr-FR"}]}},"_links":{"self":[{"href":"https:\/\/sdsqcreations.fr\/index.php\/wp-json\/wp\/v2\/pages\/1266","targetHints":{"allow":["GET"]}}],"collection":[{"href":"https:\/\/sdsqcreations.fr\/index.php\/wp-json\/wp\/v2\/pages"}],"about":[{"href":"https:\/\/sdsqcreations.fr\/index.php\/wp-json\/wp\/v2\/types\/page"}],"author":[{"embeddable":true,"href":"https:\/\/sdsqcreations.fr\/index.php\/wp-json\/wp\/v2\/users\/1"}],"replies":[{"embeddable":true,"href":"https:\/\/sdsqcreations.fr\/index.php\/wp-json\/wp\/v2\/comments?post=1266"}],"version-history":[{"count":9,"href":"https:\/\/sdsqcreations.fr\/index.php\/wp-json\/wp\/v2\/pages\/1266\/revisions"}],"predecessor-version":[{"id":2640,"href":"https:\/\/sdsqcreations.fr\/index.php\/wp-json\/wp\/v2\/pages\/1266\/revisions\/2640"}],"wp:attachment":[{"href":"https:\/\/sdsqcreations.fr\/index.php\/wp-json\/wp\/v2\/media?parent=1266"}],"curies":[{"name":"wp","href":"https:\/\/api.w.org\/{rel}","templated":true}]}}