{"id":1289,"date":"2025-02-14T15:54:51","date_gmt":"2025-02-14T15:54:51","guid":{"rendered":"https:\/\/sdsqcreations.fr\/?page_id=1289"},"modified":"2025-02-23T19:55:55","modified_gmt":"2025-02-23T19:55:55","slug":"contactez-moi","status":"publish","type":"page","link":"https:\/\/sdsqcreations.fr\/index.php\/contactez-moi\/","title":{"rendered":"Contactez moi"},"content":{"rendered":"\t\t<div data-elementor-type=\"wp-page\" data-elementor-id=\"1289\" class=\"elementor elementor-1289\">\n\t\t\t\t<div class=\"elementor-element elementor-element-044145d e-con-full e-flex e-con e-parent\" data-id=\"044145d\" data-element_type=\"container\" data-e-type=\"container\">\n\t\t<div class=\"elementor-element elementor-element-2550756 e-con-full e-flex e-con e-child\" data-id=\"2550756\" data-element_type=\"container\" data-e-type=\"container\">\n\t\t<div class=\"elementor-element elementor-element-406d33e e-con-full e-flex e-con e-child\" data-id=\"406d33e\" data-element_type=\"container\" data-e-type=\"container\">\n\t\t\t\t<div class=\"elementor-element elementor-element-0458bdc elementor-widget elementor-widget-heading\" data-id=\"0458bdc\" data-element_type=\"widget\" data-e-type=\"widget\" data-widget_type=\"heading.default\">\n\t\t\t\t<div class=\"elementor-widget-container\">\n\t\t\t\t\t<h1 class=\"elementor-heading-title elementor-size-default\">Contactez-moi<\/h1>\t\t\t\t<\/div>\n\t\t\t\t<\/div>\n\t\t\t\t<\/div>\n\t\t<div class=\"elementor-element elementor-element-ccc1755 e-con-full e-flex e-con e-child\" data-id=\"ccc1755\" data-element_type=\"container\" data-e-type=\"container\">\n\t\t\t\t<div class=\"elementor-element elementor-element-f0f2679 elementor-widget__width-initial elementor-widget-mobile__width-initial elementor-widget elementor-widget-image\" data-id=\"f0f2679\" data-element_type=\"widget\" data-e-type=\"widget\" data-widget_type=\"image.default\">\n\t\t\t\t<div class=\"elementor-widget-container\">\n\t\t\t\t\t\t\t\t\t\t\t\t\t\t\t<img fetchpriority=\"high\" decoding=\"async\" width=\"683\" height=\"1024\" src=\"https:\/\/sdsqcreations.fr\/wp-content\/uploads\/2020\/01\/SDSQ-Sarah-Logo-683x1024.jpg\" class=\"attachment-large size-large wp-image-1228\" alt=\"Photo de Sarah de Saint Quentin\" srcset=\"https:\/\/sdsqcreations.fr\/wp-content\/uploads\/2020\/01\/SDSQ-Sarah-Logo-683x1024.jpg 683w, https:\/\/sdsqcreations.fr\/wp-content\/uploads\/2020\/01\/SDSQ-Sarah-Logo-600x900.jpg 600w, https:\/\/sdsqcreations.fr\/wp-content\/uploads\/2020\/01\/SDSQ-Sarah-Logo-200x300.jpg 200w, https:\/\/sdsqcreations.fr\/wp-content\/uploads\/2020\/01\/SDSQ-Sarah-Logo-768x1152.jpg 768w, https:\/\/sdsqcreations.fr\/wp-content\/uploads\/2020\/01\/SDSQ-Sarah-Logo-1024x1536.jpg 1024w, https:\/\/sdsqcreations.fr\/wp-content\/uploads\/2020\/01\/SDSQ-Sarah-Logo-1333x2000.jpg 1333w, https:\/\/sdsqcreations.fr\/wp-content\/uploads\/2020\/01\/SDSQ-Sarah-Logo-1066x1600.jpg 1066w, https:\/\/sdsqcreations.fr\/wp-content\/uploads\/2020\/01\/SDSQ-Sarah-Logo-800x1200.jpg 800w, https:\/\/sdsqcreations.fr\/wp-content\/uploads\/2020\/01\/SDSQ-Sarah-Logo-400x600.jpg 400w, https:\/\/sdsqcreations.fr\/wp-content\/uploads\/2020\/01\/SDSQ-Sarah-Logo-20x30.jpg 20w, https:\/\/sdsqcreations.fr\/wp-content\/uploads\/2020\/01\/SDSQ-Sarah-Logo.jpg 1365w\" sizes=\"(max-width: 683px) 100vw, 683px\" \/>\t\t\t\t\t\t\t\t\t\t\t\t\t\t\t<\/div>\n\t\t\t\t<\/div>\n\t\t\t\t<div class=\"elementor-element elementor-element-7b1f47b elementor-widget elementor-widget-text-editor\" data-id=\"7b1f47b\" data-element_type=\"widget\" data-e-type=\"widget\" data-widget_type=\"text-editor.default\">\n\t\t\t\t<div class=\"elementor-widget-container\">\n\t\t\t\t\t\t\t\t\t<p>Cr\u00e9dit @ Orane.Photography<\/p>\t\t\t\t\t\t\t\t<\/div>\n\t\t\t\t<\/div>\n\t\t\t\t<\/div>\n\t\t\t\t<\/div>\n\t\t<div class=\"elementor-element elementor-element-9588c6b e-con-full e-flex e-con e-child\" data-id=\"9588c6b\" data-element_type=\"container\" data-e-type=\"container\">\n\t\t\t\t<div class=\"elementor-element elementor-element-fe5cf8f elementor-widget__width-initial elementor-widget-mobile__width-initial elementor-widget elementor-widget-wpforms\" data-id=\"fe5cf8f\" data-element_type=\"widget\" data-e-type=\"widget\" data-widget_type=\"wpforms.default\">\n\t\t\t\t<div class=\"elementor-widget-container\">\n\t\t\t\t\t<style id=\"wpforms-css-vars-elementor-widget-fe5cf8f\">\n\t\t\t\t.elementor-widget-wpforms.elementor-element-fe5cf8f {\n\t\t\t\t--wpforms-button-border-radius: 20px;\n--wpforms-button-background-color: #AB0689;\n--wpforms-field-size-input-height: 43px;\n--wpforms-field-size-input-spacing: 15px;\n--wpforms-field-size-font-size: 16px;\n--wpforms-field-size-line-height: 19px;\n--wpforms-field-size-padding-h: 14px;\n--wpforms-field-size-checkbox-size: 16px;\n--wpforms-field-size-sublabel-spacing: 5px;\n--wpforms-field-size-icon-size: 1;\n--wpforms-label-size-font-size: 16px;\n--wpforms-label-size-line-height: 19px;\n--wpforms-label-size-sublabel-font-size: 14px;\n--wpforms-label-size-sublabel-line-height: 17px;\n--wpforms-button-size-font-size: 17px;\n--wpforms-button-size-height: 41px;\n--wpforms-button-size-padding-h: 15px;\n--wpforms-button-size-margin-top: 10px;\n\n\t\t\t}\n\t\t\t<\/style><div class=\"wpforms-container wpforms-container-full wpforms-render-modern\" id=\"wpforms-2597\"><form id=\"wpforms-form-2597\" class=\"wpforms-validate wpforms-form wpforms-ajax-form\" data-formid=\"2597\" method=\"post\" enctype=\"multipart\/form-data\" action=\"\/index.php\/wp-json\/wp\/v2\/pages\/1289\" data-token=\"949d2a7181bbd42b54140f8c373deb7c\" data-token-time=\"1776154985\"><noscript class=\"wpforms-error-noscript\">Veuillez activer JavaScript dans votre navigateur pour remplir ce formulaire.<\/noscript><div class=\"wpforms-hidden\" id=\"wpforms-error-noscript\">Veuillez activer JavaScript dans votre navigateur pour remplir ce formulaire.<\/div><div class=\"wpforms-field-container\"><div id=\"wpforms-2597-field_1-container\" class=\"wpforms-field wpforms-field-name\" data-field-id=\"1\"><fieldset><legend class=\"wpforms-field-label\">Nom <span class=\"wpforms-required-label\" aria-hidden=\"true\">*<\/span><\/legend><div class=\"wpforms-field-row wpforms-field-medium\"><div class=\"wpforms-field-row-block wpforms-first wpforms-one-half\"><input type=\"text\" id=\"wpforms-2597-field_1\" class=\"wpforms-field-name-first wpforms-field-required\" name=\"wpforms[fields][1][first]\" aria-errormessage=\"wpforms-2597-field_1-error\" required><label for=\"wpforms-2597-field_1\" class=\"wpforms-field-sublabel after\">Pr\u00e9nom<\/label><\/div><div class=\"wpforms-field-row-block wpforms-one-half\"><input type=\"text\" id=\"wpforms-2597-field_1-last\" class=\"wpforms-field-name-last wpforms-field-required\" name=\"wpforms[fields][1][last]\" aria-errormessage=\"wpforms-2597-field_1-last-error\" required><label for=\"wpforms-2597-field_1-last\" class=\"wpforms-field-sublabel after\">Nom<\/label><\/div><\/div><\/fieldset><\/div><div id=\"wpforms-2597-field_2-container\" class=\"wpforms-field wpforms-field-email\" data-field-id=\"2\"><label class=\"wpforms-field-label\" for=\"wpforms-2597-field_2\">E-mail <span class=\"wpforms-required-label\" aria-hidden=\"true\">*<\/span><\/label><input type=\"email\" id=\"wpforms-2597-field_2\" class=\"wpforms-field-medium wpforms-field-required\" name=\"wpforms[fields][2]\" spellcheck=\"false\" aria-errormessage=\"wpforms-2597-field_2-error\" required><\/div><div id=\"wpforms-2597-field_3-container\" class=\"wpforms-field wpforms-field-radio\" data-field-id=\"3\"><fieldset><legend class=\"wpforms-field-label\">Votre projet concerne :  <span class=\"wpforms-required-label\" aria-hidden=\"true\">*<\/span><\/legend><ul id=\"wpforms-2597-field_3\" class=\"wpforms-field-required\"><li class=\"choice-1 depth-1\"><input type=\"radio\" id=\"wpforms-2597-field_3_1\" name=\"wpforms[fields][3]\" value=\"Un mariage\" aria-errormessage=\"wpforms-2597-field_3_1-error\" required ><label class=\"wpforms-field-label-inline\" for=\"wpforms-2597-field_3_1\">Un mariage<\/label><\/li><li class=\"choice-2 depth-1\"><input type=\"radio\" id=\"wpforms-2597-field_3_2\" name=\"wpforms[fields][3]\" value=\"Un \u00e9v\u00e8nement de la vie (naissance, invitation, d\u00e9c\u00e8s, etc.)\" aria-errormessage=\"wpforms-2597-field_3_2-error\" required ><label class=\"wpforms-field-label-inline\" for=\"wpforms-2597-field_3_2\">Un \u00e9v\u00e8nement de la vie (naissance, invitation, d\u00e9c\u00e8s, etc.)<\/label><\/li><li class=\"choice-3 depth-1\"><input type=\"radio\" id=\"wpforms-2597-field_3_3\" name=\"wpforms[fields][3]\" value=\"Une r\u00e9ception\" aria-errormessage=\"wpforms-2597-field_3_3-error\" required ><label class=\"wpforms-field-label-inline\" for=\"wpforms-2597-field_3_3\">Une r\u00e9ception<\/label><\/li><li class=\"choice-4 depth-1\"><input type=\"radio\" id=\"wpforms-2597-field_3_4\" name=\"wpforms[fields][3]\" value=\"Un sapin de No\u00ebl\" aria-errormessage=\"wpforms-2597-field_3_4-error\" required ><label class=\"wpforms-field-label-inline\" for=\"wpforms-2597-field_3_4\">Un sapin de No\u00ebl<\/label><\/li><li class=\"choice-5 depth-1\"><input type=\"radio\" id=\"wpforms-2597-field_3_5\" name=\"wpforms[fields][3]\" value=\"Autre\" aria-errormessage=\"wpforms-2597-field_3_5-error\" required ><label class=\"wpforms-field-label-inline\" for=\"wpforms-2597-field_3_5\">Autre<\/label><\/li><\/ul><\/fieldset><\/div><div id=\"wpforms-2597-field_4-container\" class=\"wpforms-field wpforms-field-textarea\" data-field-id=\"4\"><label class=\"wpforms-field-label\" for=\"wpforms-2597-field_4\">Racontez moi un peu votre projet <span class=\"wpforms-required-label\" aria-hidden=\"true\">*<\/span><\/label><textarea id=\"wpforms-2597-field_4\" class=\"wpforms-field-medium wpforms-field-required\" name=\"wpforms[fields][4]\" aria-errormessage=\"wpforms-2597-field_4-error\" required><\/textarea><\/div><\/div><!-- .wpforms-field-container --><div class=\"wpforms-submit-container\" ><input type=\"hidden\" name=\"wpforms[id]\" value=\"2597\"><input type=\"hidden\" name=\"page_title\" value=\"\"><input type=\"hidden\" name=\"page_url\" value=\"https:\/\/sdsqcreations.fr\/index.php\/wp-json\/wp\/v2\/pages\/1289\"><button type=\"submit\" name=\"wpforms[submit]\" id=\"wpforms-submit-2597\" class=\"wpforms-submit\" data-alt-text=\"Envoi...\" data-submit-text=\"Envoyer\" aria-live=\"assertive\" value=\"wpforms-submit\">Envoyer<\/button><img decoding=\"async\" src=\"https:\/\/sdsqcreations.fr\/wp-content\/plugins\/wpforms-lite\/assets\/images\/submit-spin.svg\" class=\"wpforms-submit-spinner\" style=\"display: none;\" width=\"26\" height=\"26\" alt=\"Chargement en cours\"><\/div><\/form><\/div>  <!-- .wpforms-container -->\t\t\t\t<\/div>\n\t\t\t\t<\/div>\n\t\t\t\t<\/div>\n\t\t\t\t<\/div>\n\t\t\t\t<\/div>\n\t\t","protected":false},"excerpt":{"rendered":"<p>Contactez-moi Cr\u00e9dit @ Orane.Photography Veuillez activer JavaScript dans votre navigateur pour remplir ce formulaire.Veuillez activer JavaScript dans votre navigateur pour remplir ce formulaire. Nom * Pr\u00e9nomNom E-mail * Votre projet concerne : * Un mariage Un \u00e9v\u00e8nement de la vie (naissance, invitation, d\u00e9c\u00e8s, etc.) Une r\u00e9ception Un sapin de No\u00ebl Autre Racontez moi un peu [&hellip;]<\/p>\n","protected":false},"author":3,"featured_media":0,"parent":0,"menu_order":0,"comment_status":"closed","ping_status":"closed","template":"","meta":{"ocean_post_layout":"","ocean_both_sidebars_style":"","ocean_both_sidebars_content_width":0,"ocean_both_sidebars_sidebars_width":0,"ocean_sidebar":"","ocean_second_sidebar":"","ocean_disable_margins":"enable","ocean_add_body_class":"","ocean_shortcode_before_top_bar":"","ocean_shortcode_after_top_bar":"","ocean_shortcode_before_header":"","ocean_shortcode_after_header":"","ocean_has_shortcode":"","ocean_shortcode_after_title":"","ocean_shortcode_before_footer_widgets":"","ocean_shortcode_after_footer_widgets":"","ocean_shortcode_before_footer_bottom":"","ocean_shortcode_after_footer_bottom":"","ocean_display_top_bar":"default","ocean_display_header":"default","ocean_header_style":"","ocean_center_header_left_menu":"","ocean_custom_header_template":"","ocean_custom_logo":0,"ocean_custom_retina_logo":0,"ocean_custom_logo_max_width":0,"ocean_custom_logo_tablet_max_width":0,"ocean_custom_logo_mobile_max_width":0,"ocean_custom_logo_max_height":0,"ocean_custom_logo_tablet_max_height":0,"ocean_custom_logo_mobile_max_height":0,"ocean_header_custom_menu":"","ocean_menu_typo_font_family":"","ocean_menu_typo_font_subset":"","ocean_menu_typo_font_size":0,"ocean_menu_typo_font_size_tablet":0,"ocean_menu_typo_font_size_mobile":0,"ocean_menu_typo_font_size_unit":"px","ocean_menu_typo_font_weight":"","ocean_menu_typo_font_weight_tablet":"","ocean_menu_typo_font_weight_mobile":"","ocean_menu_typo_transform":"","ocean_menu_typo_transform_tablet":"","ocean_menu_typo_transform_mobile":"","ocean_menu_typo_line_height":0,"ocean_menu_typo_line_height_tablet":0,"ocean_menu_typo_line_height_mobile":0,"ocean_menu_typo_line_height_unit":"","ocean_menu_typo_spacing":0,"ocean_menu_typo_spacing_tablet":0,"ocean_menu_typo_spacing_mobile":0,"ocean_menu_typo_spacing_unit":"","ocean_menu_link_color":"","ocean_menu_link_color_hover":"","ocean_menu_link_color_active":"","ocean_menu_link_background":"","ocean_menu_link_hover_background":"","ocean_menu_link_active_background":"","ocean_menu_social_links_bg":"","ocean_menu_social_hover_links_bg":"","ocean_menu_social_links_color":"","ocean_menu_social_hover_links_color":"","ocean_disable_title":"default","ocean_disable_heading":"default","ocean_post_title":"","ocean_post_subheading":"","ocean_post_title_style":"","ocean_post_title_background_color":"","ocean_post_title_background":0,"ocean_post_title_bg_image_position":"","ocean_post_title_bg_image_attachment":"","ocean_post_title_bg_image_repeat":"","ocean_post_title_bg_image_size":"","ocean_post_title_height":0,"ocean_post_title_bg_overlay":0.5,"ocean_post_title_bg_overlay_color":"","ocean_disable_breadcrumbs":"default","ocean_breadcrumbs_color":"","ocean_breadcrumbs_separator_color":"","ocean_breadcrumbs_links_color":"","ocean_breadcrumbs_links_hover_color":"","ocean_display_footer_widgets":"default","ocean_display_footer_bottom":"default","ocean_custom_footer_template":"","footnotes":""},"class_list":["post-1289","page","type-page","status-publish","hentry","entry"],"yoast_head":"<!-- This site is optimized with the Yoast SEO plugin v26.8 - https:\/\/yoast.com\/product\/yoast-seo-wordpress\/ -->\n<title>SDSQ Cr\u00e9ations - Contact<\/title>\n<meta name=\"description\" content=\"Pour d\u00e9marrer votre projet, partagez avec moi vos attentes, vos id\u00e9es, votre budget et nous construirons ensemble votre d\u00e9coration sur mesure\" \/>\n<meta name=\"robots\" content=\"noindex, follow, max-snippet:-1, max-image-preview:large, max-video-preview:-1\" \/>\n<meta property=\"og:locale\" content=\"fr_FR\" \/>\n<meta property=\"og:type\" content=\"article\" \/>\n<meta property=\"og:title\" content=\"SDSQ Cr\u00e9ations - Contact\" \/>\n<meta property=\"og:description\" content=\"Pour d\u00e9marrer votre projet, partagez avec moi vos attentes, vos id\u00e9es, votre budget et nous construirons ensemble votre d\u00e9coration sur mesure\" \/>\n<meta property=\"og:url\" content=\"https:\/\/sdsqcreations.fr\/index.php\/contactez-moi\/\" \/>\n<meta property=\"og:site_name\" content=\"SDSQ Cr\u00e9ations\" \/>\n<meta property=\"article:modified_time\" content=\"2025-02-23T19:55:55+00:00\" \/>\n<meta property=\"og:image\" content=\"https:\/\/sdsqcreations.fr\/wp-content\/uploads\/2020\/01\/SDSQ-Sarah-Logo.jpg\" \/>\n\t<meta property=\"og:image:width\" content=\"1365\" \/>\n\t<meta property=\"og:image:height\" content=\"2048\" \/>\n\t<meta property=\"og:image:type\" content=\"image\/jpeg\" \/>\n<meta name=\"twitter:card\" content=\"summary_large_image\" \/>\n<meta name=\"twitter:label1\" content=\"Dur\u00e9e de lecture estim\u00e9e\" \/>\n\t<meta name=\"twitter:data1\" content=\"1 minute\" \/>\n<script type=\"application\/ld+json\" class=\"yoast-schema-graph\">{\"@context\":\"https:\/\/schema.org\",\"@graph\":[{\"@type\":\"WebPage\",\"@id\":\"https:\/\/sdsqcreations.fr\/index.php\/contactez-moi\/\",\"url\":\"https:\/\/sdsqcreations.fr\/index.php\/contactez-moi\/\",\"name\":\"SDSQ Cr\u00e9ations - Contact\",\"isPartOf\":{\"@id\":\"https:\/\/sdsqcreations.fr\/#website\"},\"primaryImageOfPage\":{\"@id\":\"https:\/\/sdsqcreations.fr\/index.php\/contactez-moi\/#primaryimage\"},\"image\":{\"@id\":\"https:\/\/sdsqcreations.fr\/index.php\/contactez-moi\/#primaryimage\"},\"thumbnailUrl\":\"https:\/\/sdsqcreations.fr\/wp-content\/uploads\/2020\/01\/SDSQ-Sarah-Logo-683x1024.jpg\",\"datePublished\":\"2025-02-14T15:54:51+00:00\",\"dateModified\":\"2025-02-23T19:55:55+00:00\",\"description\":\"Pour d\u00e9marrer votre projet, partagez avec moi vos attentes, vos id\u00e9es, votre budget et nous construirons ensemble votre d\u00e9coration sur mesure\",\"breadcrumb\":{\"@id\":\"https:\/\/sdsqcreations.fr\/index.php\/contactez-moi\/#breadcrumb\"},\"inLanguage\":\"fr-FR\",\"potentialAction\":[{\"@type\":\"ReadAction\",\"target\":[\"https:\/\/sdsqcreations.fr\/index.php\/contactez-moi\/\"]}]},{\"@type\":\"ImageObject\",\"inLanguage\":\"fr-FR\",\"@id\":\"https:\/\/sdsqcreations.fr\/index.php\/contactez-moi\/#primaryimage\",\"url\":\"https:\/\/sdsqcreations.fr\/wp-content\/uploads\/2020\/01\/SDSQ-Sarah-Logo.jpg\",\"contentUrl\":\"https:\/\/sdsqcreations.fr\/wp-content\/uploads\/2020\/01\/SDSQ-Sarah-Logo.jpg\",\"width\":1365,\"height\":2048,\"caption\":\"Photo de Sarah de Saint Quentin\"},{\"@type\":\"BreadcrumbList\",\"@id\":\"https:\/\/sdsqcreations.fr\/index.php\/contactez-moi\/#breadcrumb\",\"itemListElement\":[{\"@type\":\"ListItem\",\"position\":1,\"name\":\"Accueil\",\"item\":\"https:\/\/sdsqcreations.fr\/\"},{\"@type\":\"ListItem\",\"position\":2,\"name\":\"Contactez moi\"}]},{\"@type\":\"WebSite\",\"@id\":\"https:\/\/sdsqcreations.fr\/#website\",\"url\":\"https:\/\/sdsqcreations.fr\/\",\"name\":\"SDSQ Cr\u00e9ations\",\"description\":\"Artisan Fleuriste en Freelance sur Bordeaux\",\"potentialAction\":[{\"@type\":\"SearchAction\",\"target\":{\"@type\":\"EntryPoint\",\"urlTemplate\":\"https:\/\/sdsqcreations.fr\/?s={search_term_string}\"},\"query-input\":{\"@type\":\"PropertyValueSpecification\",\"valueRequired\":true,\"valueName\":\"search_term_string\"}}],\"inLanguage\":\"fr-FR\"}]}<\/script>\n<!-- \/ Yoast SEO plugin. -->","yoast_head_json":{"title":"SDSQ Cr\u00e9ations - Contact","description":"Pour d\u00e9marrer votre projet, partagez avec moi vos attentes, vos id\u00e9es, votre budget et nous construirons ensemble votre d\u00e9coration sur mesure","robots":{"index":"noindex","follow":"follow","max-snippet":"max-snippet:-1","max-image-preview":"max-image-preview:large","max-video-preview":"max-video-preview:-1"},"og_locale":"fr_FR","og_type":"article","og_title":"SDSQ Cr\u00e9ations - Contact","og_description":"Pour d\u00e9marrer votre projet, partagez avec moi vos attentes, vos id\u00e9es, votre budget et nous construirons ensemble votre d\u00e9coration sur mesure","og_url":"https:\/\/sdsqcreations.fr\/index.php\/contactez-moi\/","og_site_name":"SDSQ Cr\u00e9ations","article_modified_time":"2025-02-23T19:55:55+00:00","og_image":[{"width":1365,"height":2048,"url":"https:\/\/sdsqcreations.fr\/wp-content\/uploads\/2020\/01\/SDSQ-Sarah-Logo.jpg","type":"image\/jpeg"}],"twitter_card":"summary_large_image","twitter_misc":{"Dur\u00e9e de lecture estim\u00e9e":"1 minute"},"schema":{"@context":"https:\/\/schema.org","@graph":[{"@type":"WebPage","@id":"https:\/\/sdsqcreations.fr\/index.php\/contactez-moi\/","url":"https:\/\/sdsqcreations.fr\/index.php\/contactez-moi\/","name":"SDSQ Cr\u00e9ations - Contact","isPartOf":{"@id":"https:\/\/sdsqcreations.fr\/#website"},"primaryImageOfPage":{"@id":"https:\/\/sdsqcreations.fr\/index.php\/contactez-moi\/#primaryimage"},"image":{"@id":"https:\/\/sdsqcreations.fr\/index.php\/contactez-moi\/#primaryimage"},"thumbnailUrl":"https:\/\/sdsqcreations.fr\/wp-content\/uploads\/2020\/01\/SDSQ-Sarah-Logo-683x1024.jpg","datePublished":"2025-02-14T15:54:51+00:00","dateModified":"2025-02-23T19:55:55+00:00","description":"Pour d\u00e9marrer votre projet, partagez avec moi vos attentes, vos id\u00e9es, votre budget et nous construirons ensemble votre d\u00e9coration sur mesure","breadcrumb":{"@id":"https:\/\/sdsqcreations.fr\/index.php\/contactez-moi\/#breadcrumb"},"inLanguage":"fr-FR","potentialAction":[{"@type":"ReadAction","target":["https:\/\/sdsqcreations.fr\/index.php\/contactez-moi\/"]}]},{"@type":"ImageObject","inLanguage":"fr-FR","@id":"https:\/\/sdsqcreations.fr\/index.php\/contactez-moi\/#primaryimage","url":"https:\/\/sdsqcreations.fr\/wp-content\/uploads\/2020\/01\/SDSQ-Sarah-Logo.jpg","contentUrl":"https:\/\/sdsqcreations.fr\/wp-content\/uploads\/2020\/01\/SDSQ-Sarah-Logo.jpg","width":1365,"height":2048,"caption":"Photo de Sarah de Saint Quentin"},{"@type":"BreadcrumbList","@id":"https:\/\/sdsqcreations.fr\/index.php\/contactez-moi\/#breadcrumb","itemListElement":[{"@type":"ListItem","position":1,"name":"Accueil","item":"https:\/\/sdsqcreations.fr\/"},{"@type":"ListItem","position":2,"name":"Contactez moi"}]},{"@type":"WebSite","@id":"https:\/\/sdsqcreations.fr\/#website","url":"https:\/\/sdsqcreations.fr\/","name":"SDSQ Cr\u00e9ations","description":"Artisan Fleuriste en Freelance sur Bordeaux","potentialAction":[{"@type":"SearchAction","target":{"@type":"EntryPoint","urlTemplate":"https:\/\/sdsqcreations.fr\/?s={search_term_string}"},"query-input":{"@type":"PropertyValueSpecification","valueRequired":true,"valueName":"search_term_string"}}],"inLanguage":"fr-FR"}]}},"_links":{"self":[{"href":"https:\/\/sdsqcreations.fr\/index.php\/wp-json\/wp\/v2\/pages\/1289","targetHints":{"allow":["GET"]}}],"collection":[{"href":"https:\/\/sdsqcreations.fr\/index.php\/wp-json\/wp\/v2\/pages"}],"about":[{"href":"https:\/\/sdsqcreations.fr\/index.php\/wp-json\/wp\/v2\/types\/page"}],"author":[{"embeddable":true,"href":"https:\/\/sdsqcreations.fr\/index.php\/wp-json\/wp\/v2\/users\/3"}],"replies":[{"embeddable":true,"href":"https:\/\/sdsqcreations.fr\/index.php\/wp-json\/wp\/v2\/comments?post=1289"}],"version-history":[{"count":76,"href":"https:\/\/sdsqcreations.fr\/index.php\/wp-json\/wp\/v2\/pages\/1289\/revisions"}],"predecessor-version":[{"id":2674,"href":"https:\/\/sdsqcreations.fr\/index.php\/wp-json\/wp\/v2\/pages\/1289\/revisions\/2674"}],"wp:attachment":[{"href":"https:\/\/sdsqcreations.fr\/index.php\/wp-json\/wp\/v2\/media?parent=1289"}],"curies":[{"name":"wp","href":"https:\/\/api.w.org\/{rel}","templated":true}]}}